{"id":87,"date":"2021-02-20T14:58:31","date_gmt":"2021-02-20T14:58:31","guid":{"rendered":"https:\/\/nvsvlenzburg.ch\/wp\/?page_id=87"},"modified":"2025-08-14T20:16:48","modified_gmt":"2025-08-14T20:16:48","slug":"seniorengruppe-uhu","status":"publish","type":"page","link":"https:\/\/nvsvlenzburg.ch\/wp\/verein\/seniorengruppe-uhu\/","title":{"rendered":"Seniorengruppe &#8222;UHU&#8220;"},"content":{"rendered":"<p>Die UHU-Senioren sind eine lose Gruppe an Natur und Kultur interessierter Mitglieder des Natur-und Vogelschutzvereins Lenzburg in der Frauen und M\u00e4nner gleichermassen herzlich willkommen sind.<\/p>\n<p>Wir treffen uns sechs Mal im Jahr, in der Regel am zweiten Donnerstag in den Monaten Februar \/ April \/ Juni\u00a0 \/ August\u00a0 \/\u00a0 Oktober\u00a0 und zum Jahresschlusshock Ende November.<\/p>\n<p>Interessante Besichtigungen und Anl\u00e4sse aber auch erholsame, gem\u00fctliche Spazierg\u00e4nge in der Natur der n\u00e4heren Umgebung stehen auf unserem Programm. Aber auch die kameradschaftliche Geselligkeit soll dabei nicht zu kurz kommen !!<\/p>\n<table border=\"0\" cellspacing=\"1\" cellpadding=\"1\">\n<tbody>\n<tr>\n<td><strong>Leitung:<\/strong><\/p>\n<p>Alexander Hochstrasser<br \/>\nAlte Bernstrasse 29<br \/>\n5603 Staufen<\/p>\n<p>062 891 59 18<\/p>\n<p><a href=\"mailto:alexander.hochstrasser@nvsvlenzburg.ch\">Email<\/a><\/td>\n<td><img loading=\"lazy\" decoding=\"async\" class=\"alignnone wp-image-1734\" src=\"https:\/\/nvsvlenzburg.ch\/wp\/wp-content\/uploads\/2021\/12\/uhu-e1639237281235.jpg\" alt=\"\" width=\"200\" height=\"170\" \/><\/td>\n<\/tr>\n<\/tbody>\n<\/table>\n<p>&nbsp;<\/p>\n","protected":false},"excerpt":{"rendered":"<p>Die UHU-Senioren sind eine lose Gruppe an Natur und Kultur interessierter Mitglieder des Natur-und Vogelschutzvereins Lenzburg in der Frauen und M\u00e4nner gleichermassen herzlich willkommen sind. Wir treffen uns sechs Mal im Jahr, in der Regel am zweiten Donnerstag in den&hellip; <a href=\"https:\/\/nvsvlenzburg.ch\/wp\/verein\/seniorengruppe-uhu\/\" class=\"more-link\">Continue Reading <span class=\"meta-nav\">&rarr;<\/span><\/a><\/p>\n","protected":false},"author":1,"featured_media":0,"parent":2145,"menu_order":0,"comment_status":"closed","ping_status":"closed","template":"page-template-full.php","meta":{"footnotes":""},"class_list":["post-87","page","type-page","status-publish","hentry"],"_links":{"self":[{"href":"https:\/\/nvsvlenzburg.ch\/wp\/wp-json\/wp\/v2\/pages\/87","targetHints":{"allow":["GET"]}}],"collection":[{"href":"https:\/\/nvsvlenzburg.ch\/wp\/wp-json\/wp\/v2\/pages"}],"about":[{"href":"https:\/\/nvsvlenzburg.ch\/wp\/wp-json\/wp\/v2\/types\/page"}],"author":[{"embeddable":true,"href":"https:\/\/nvsvlenzburg.ch\/wp\/wp-json\/wp\/v2\/users\/1"}],"replies":[{"embeddable":true,"href":"https:\/\/nvsvlenzburg.ch\/wp\/wp-json\/wp\/v2\/comments?post=87"}],"version-history":[{"count":10,"href":"https:\/\/nvsvlenzburg.ch\/wp\/wp-json\/wp\/v2\/pages\/87\/revisions"}],"predecessor-version":[{"id":2930,"href":"https:\/\/nvsvlenzburg.ch\/wp\/wp-json\/wp\/v2\/pages\/87\/revisions\/2930"}],"up":[{"embeddable":true,"href":"https:\/\/nvsvlenzburg.ch\/wp\/wp-json\/wp\/v2\/pages\/2145"}],"wp:attachment":[{"href":"https:\/\/nvsvlenzburg.ch\/wp\/wp-json\/wp\/v2\/media?parent=87"}],"curies":[{"name":"wp","href":"https:\/\/api.w.org\/{rel}","templated":true}]}}